{"id":283,"date":"2017-11-22T16:02:32","date_gmt":"2017-11-22T15:02:32","guid":{"rendered":"http:\/\/anb-law.ch\/?page_id=283"},"modified":"2017-12-20T13:01:02","modified_gmt":"2017-12-20T12:01:02","slug":"nos-valeurs","status":"publish","type":"page","link":"https:\/\/anb-law.ch\/de\/nos-valeurs\/","title":{"rendered":"Unsere Werte"},"content":{"rendered":"<p><\/p>\n<h2>Kompetenz und Pragmatismus<\/h2>\n<p>Wir sind uns bewusst, dass sich unsere Fachkompetenz und unsere Erfahrung sich f\u00fcr eine erfolgreiche Gesch\u00e4ftsabwicklung mit Pragmatismus vereinen muss.<\/p>\n<p>Aus diesem Grund stellen wir unsere \u00dcberlegungen stets in einen \u00fcbergeordneten Zusammenhang und sind so in der Lage Sie in allen rechtlichen Belangen optimal zu beraten bzw. vor Beh\u00f6rden zu vertreten oder massgeschneiderte aussergerichtliche Einigungen zu erzielen.<\/p>\n<h2>F\u00e4higkeit zum Zuh\u00f6ren und Respekt<\/h2>\n<p>Im Bewusstsein der schwierigen pers\u00f6nlichen oder beruflichen Fragestellungen, die zur Konsultation eines Rechtsanwalts oder Notars f\u00fchren, betrachten wir unsere Klienten ganzheitlich und nicht lediglich als Fall. Wir leihen Ihnen unser Ohr mit dem geh\u00f6rigen Respekt und der erforderlichen Aufmerksamkeit.<\/p>\n<h2>Tradition und Ausbildung<\/h2>\n<p>Unser B\u00fcro beruft sich auf eine mehr als hundertj\u00e4hrige Tradition der Berufsaus\u00fcbung, und wir engagieren uns in der Ausbildung k\u00fcnftiger Rechtsanw\u00e4ltinnen und Rechtsanw\u00e4lte.<\/p>\n<p>Zahlreiche Rechtsanw\u00e4lte haben in den letzten Jahren einen Teil ihrer Ausbildung in unserem B\u00fcro absolviert, von denen heute einige als Partner in unserem B\u00fcro oder als Staatsanw\u00e4lte und Richter auf kantonaler oder eidgen\u00f6ssischer Ebene t\u00e4tig sind.<\/p>\n<h2>Zweisprachigkeit<\/h2>\n<p>Aufgrund unserer auf die Region Biel, Seeland und Jurabogen konzentrierten T\u00e4tigkeit ist die Zweisprachigkeit in unserem B\u00fcro von herausragender Bedeutung. Wir sprechen im eigentlichen Sinn Ihre Sprache.<\/p>","protected":false},"excerpt":{"rendered":"<p>Kompetenz und Pragmatismus Wir sind uns bewusst, dass sich unsere Fachkompetenz und unsere Erfahrung sich f\u00fcr eine erfolgreiche Gesch\u00e4ftsabwicklung mit Pragmatismus vereinen muss. Aus diesem Grund stellen wir unsere \u00dcberlegungen stets in einen \u00fcbergeordneten Zusammenhang und sind so in der Lage Sie in allen rechtlichen Belangen optimal zu beraten bzw. vor Beh\u00f6rden zu vertreten oder [&hellip;]<\/p>\n","protected":false},"author":1,"featured_media":541,"parent":0,"menu_order":0,"comment_status":"closed","ping_status":"closed","template":"","meta":[],"acf":[],"_links":{"self":[{"href":"https:\/\/anb-law.ch\/de\/wp-json\/wp\/v2\/pages\/283"}],"collection":[{"href":"https:\/\/anb-law.ch\/de\/wp-json\/wp\/v2\/pages"}],"about":[{"href":"https:\/\/anb-law.ch\/de\/wp-json\/wp\/v2\/types\/page"}],"author":[{"embeddable":true,"href":"https:\/\/anb-law.ch\/de\/wp-json\/wp\/v2\/users\/1"}],"replies":[{"embeddable":true,"href":"https:\/\/anb-law.ch\/de\/wp-json\/wp\/v2\/comments?post=283"}],"version-history":[{"count":11,"href":"https:\/\/anb-law.ch\/de\/wp-json\/wp\/v2\/pages\/283\/revisions"}],"predecessor-version":[{"id":763,"href":"https:\/\/anb-law.ch\/de\/wp-json\/wp\/v2\/pages\/283\/revisions\/763"}],"wp:featuredmedia":[{"embeddable":true,"href":"https:\/\/anb-law.ch\/de\/wp-json\/wp\/v2\/media\/541"}],"wp:attachment":[{"href":"https:\/\/anb-law.ch\/de\/wp-json\/wp\/v2\/media?parent=283"}],"curies":[{"name":"wp","href":"https:\/\/api.w.org\/{rel}","templated":true}]}}