{"id":185,"date":"2017-11-21T10:02:31","date_gmt":"2017-11-21T09:02:31","guid":{"rendered":"http:\/\/anb-law.ch\/?page_id=185"},"modified":"2026-05-04T07:44:12","modified_gmt":"2026-05-04T05:44:12","slug":"stage","status":"publish","type":"page","link":"https:\/\/anb-law.ch\/de\/stage\/","title":{"rendered":"Praktikum"},"content":{"rendered":"Unsere Kanzlei bietet eine Praktikumsstelle f\u00fcr Anw\u00e4ltinnen und Anw\u00e4lte an, die die Voraussetzungen gem\u00e4ss Verordnung \u00fcber die Anwaltspr\u00fcfung im Hinblick auf die Erlangung des Bernischen Anwaltspatents erf\u00fcllt.\n\nDie Praktikantin bzw. der Praktikant erh\u00e4lt die Gelegenheit, sich in den verschiedenen Rechtsgebieten sowohl technisch wie auch taktisch zu bilden. Die anvertrauten Aufgaben sind vielf\u00e4llig und dynamisch. Von der juristischen Forschung bis hin zur aktiven Teilnahme an Verfahren, die Praktikantin bzw. der Praktikant wird stets mit viel Engagement motiviert, um einen angesehenen und optimalen Erfolg im Hinblick auf die Pr\u00fcfungen und das Erlangen des Patents zu erreichen.\n\nZurzeit absolviert Frau MLaw Audrey K\u00fcndig (<a href=\"&#109;&#x61;&#105;&#x6c;&#116;&#x6f;:&#x73;t&#x61;g&#105;&#x61;&#105;&#x72;&#101;&#x40;&#97;&#x6e;b&#x2d;l&#x61;w&#46;&#x63;&#104;\">&#115;&#x74;a&#x67;&#x69;&#97;&#x69;r&#x65;&#x40;&#97;&#x6e;b&#x2d;&#x6c;&#97;&#x77;&#46;&#x63;&#x68;<\/a>) ihr Anwaltspraktika in unserem B\u00fcro.","protected":false},"excerpt":{"rendered":"<p>Unsere Kanzlei bietet eine Praktikumsstelle f\u00fcr Anw\u00e4ltinnen und Anw\u00e4lte an, die die Voraussetzungen gem\u00e4ss Verordnung \u00fcber die Anwaltspr\u00fcfung im Hinblick auf die Erlangung des Bernischen Anwaltspatents erf\u00fcllt. Die Praktikantin bzw. der Praktikant erh\u00e4lt die Gelegenheit, sich in den verschiedenen Rechtsgebieten sowohl technisch wie auch taktisch zu bilden. Die anvertrauten Aufgaben sind vielf\u00e4llig und dynamisch. Von [&hellip;]<\/p>\n","protected":false},"author":1,"featured_media":403,"parent":0,"menu_order":0,"comment_status":"closed","ping_status":"closed","template":"templates\/stage.php","meta":[],"acf":[],"_links":{"self":[{"href":"https:\/\/anb-law.ch\/de\/wp-json\/wp\/v2\/pages\/185"}],"collection":[{"href":"https:\/\/anb-law.ch\/de\/wp-json\/wp\/v2\/pages"}],"about":[{"href":"https:\/\/anb-law.ch\/de\/wp-json\/wp\/v2\/types\/page"}],"author":[{"embeddable":true,"href":"https:\/\/anb-law.ch\/de\/wp-json\/wp\/v2\/users\/1"}],"replies":[{"embeddable":true,"href":"https:\/\/anb-law.ch\/de\/wp-json\/wp\/v2\/comments?post=185"}],"version-history":[{"count":68,"href":"https:\/\/anb-law.ch\/de\/wp-json\/wp\/v2\/pages\/185\/revisions"}],"predecessor-version":[{"id":1237,"href":"https:\/\/anb-law.ch\/de\/wp-json\/wp\/v2\/pages\/185\/revisions\/1237"}],"wp:featuredmedia":[{"embeddable":true,"href":"https:\/\/anb-law.ch\/de\/wp-json\/wp\/v2\/media\/403"}],"wp:attachment":[{"href":"https:\/\/anb-law.ch\/de\/wp-json\/wp\/v2\/media?parent=185"}],"curies":[{"name":"wp","href":"https:\/\/api.w.org\/{rel}","templated":true}]}}