{"id":1146,"date":"2023-07-18T10:32:00","date_gmt":"2023-07-18T08:32:00","guid":{"rendered":"https:\/\/anb-law.ch\/?page_id=1146"},"modified":"2023-07-19T17:02:16","modified_gmt":"2023-07-19T15:02:16","slug":"jonathan-wimmer","status":"publish","type":"page","link":"https:\/\/anb-law.ch\/de\/anb-votre-etude-davocats-et-de-notaire-a-bienne-et-dans-larc-jurassien\/jonathan-wimmer\/","title":{"rendered":"Jonathan Wimmer"},"content":{"rendered":"<h2>Profil<\/h2>\n\n\n\n<p>Jahrgang: 1994<\/p>\n\n\n\n<p>Ausbildung:<br>&#8211; franz\u00f6sisches Gymnasium Biel (zweisprachiges Studium FR\/DE)<br>&#8211; Rechtswissenschaft an der Universit\u00e4t Freiburg i. \u00dce. (zweisprachiges Studium FR\/DE)<br>&#8211; Bernisches Anwaltspatent: 2023<\/p>\n\n\n\n<p>Sprachen: Franz\u00f6sisch, Deutsch, Englisch, Spanisch<\/p>\n\n\n\n<p>Praktizierend haupts\u00e4chlich im Kanton Bern<\/p>\n\n\n\n<h2>Mitgliedschaften<\/h2>\n\n\n\n<h2>Weitere T\u00e4tigkeiten<\/h2>","protected":false},"excerpt":{"rendered":"<p>Profil Jahrgang: 1994 Ausbildung:&#8211; franz\u00f6sisches Gymnasium Biel (zweisprachiges Studium FR\/DE)&#8211; Rechtswissenschaft an der Universit\u00e4t Freiburg i. \u00dce. (zweisprachiges Studium FR\/DE)&#8211; Bernisches Anwaltspatent: 2023 Sprachen: Franz\u00f6sisch, Deutsch, Englisch, Spanisch Praktizierend haupts\u00e4chlich im Kanton Bern Mitgliedschaften Weitere T\u00e4tigkeiten<\/p>\n","protected":false},"author":1,"featured_media":1142,"parent":316,"menu_order":0,"comment_status":"closed","ping_status":"closed","template":"templates\/associe.php","meta":[],"acf":[],"_links":{"self":[{"href":"https:\/\/anb-law.ch\/de\/wp-json\/wp\/v2\/pages\/1146"}],"collection":[{"href":"https:\/\/anb-law.ch\/de\/wp-json\/wp\/v2\/pages"}],"about":[{"href":"https:\/\/anb-law.ch\/de\/wp-json\/wp\/v2\/types\/page"}],"author":[{"embeddable":true,"href":"https:\/\/anb-law.ch\/de\/wp-json\/wp\/v2\/users\/1"}],"replies":[{"embeddable":true,"href":"https:\/\/anb-law.ch\/de\/wp-json\/wp\/v2\/comments?post=1146"}],"version-history":[{"count":8,"href":"https:\/\/anb-law.ch\/de\/wp-json\/wp\/v2\/pages\/1146\/revisions"}],"predecessor-version":[{"id":1164,"href":"https:\/\/anb-law.ch\/de\/wp-json\/wp\/v2\/pages\/1146\/revisions\/1164"}],"up":[{"embeddable":true,"href":"https:\/\/anb-law.ch\/de\/wp-json\/wp\/v2\/pages\/316"}],"wp:featuredmedia":[{"embeddable":true,"href":"https:\/\/anb-law.ch\/de\/wp-json\/wp\/v2\/media\/1142"}],"wp:attachment":[{"href":"https:\/\/anb-law.ch\/de\/wp-json\/wp\/v2\/media?parent=1146"}],"curies":[{"name":"wp","href":"https:\/\/api.w.org\/{rel}","templated":true}]}}